{"id":91,"date":"2018-06-21T16:30:23","date_gmt":"2018-06-21T14:30:23","guid":{"rendered":"http:\/\/www.tier-service.at\/MAIN\/?page_id=91"},"modified":"2023-11-26T15:28:01","modified_gmt":"2023-11-26T14:28:01","slug":"kontakt-impressum","status":"publish","type":"page","link":"https:\/\/www.tierversuchsgegner.at\/tiervergabe\/WP\/index.php\/kontakt-impressum\/","title":{"rendered":"Kontakt &#038; Impressum"},"content":{"rendered":"<p>F\u00fcr grundlegende Inhalte, Zielrichtung und Angebote dieser Webseite verantwortlich:<\/p>\n<p><strong>Internationaler Bund der Tierversuchsgegner (IBT)<\/strong><br \/>\n<strong>1030 Wien, Radetzkystrasse 21\u00a0\u00a0\u00a0\u00a0\u00a0\u00a0\u00a0\u00a0\u00a0\u00a0\u00a0 ZVR-Zahl: 220181919<\/strong><br \/>\n<strong>Tel.:\u00a0 +43 (0)1 713 08 23-0\u00a0\u00a0\u00a0\u00a0\u00a0\u00a0\u00a0\u00a0\u00a0\u00a0\u00a0\u00a0\u00a0\u00a0\u00a0\u00a0\u00a0\u00a0\u00a0\u00a0\u00a0\u00a0 Fax:\u00a0 +43 (0)1 713 08 23-10<\/strong><br \/>\n<strong>Email:\u00a0\u00a0\u00a0\u00a0\u00a0\u00a0\u00a0\u00a0\u00a0\u00a0\u00a0\u00a0\u00a0\u00a0\u00a0\u00a0\u00a0 <span id=\"cloak47306\"><a href=\"mailto:tierversuchsgegner@chello.at\">tierversuchsgegner@chello.at<\/a><\/span><\/strong><br \/>\n<strong>Web:\u00a0\u00a0\u00a0\u00a0\u00a0\u00a0\u00a0\u00a0\u00a0\u00a0\u00a0\u00a0\u00a0\u00a0\u00a0\u00a0\u00a0\u00a0\u00a0<a href=\"http:\/\/www.tierversuchsgegner.at\" target=\"_blank\" rel=\"noopener\"> www.tierversuchsgegner.at<\/a><\/strong><\/p>\n<hr \/>\n<p><strong>GESCH\u00c4FTSBEDINGUNGEN ZUR NUTZUNG UNSERER FUNKTIONEN F\u00dcR REGISTRIERTE UND BERECHTIGTE BENUTZER<\/strong><\/p>\n<p>1.) Zur Einstellung von Beitr\u00e4gen \/ Inseraten auf dieser Webseite ist eine entsprechende Registrierung und Freigabe durch den Betreiber der Webseite erforderlich. Diese Freigabe erfolgt nach Pr\u00fcfung und kann jederzeit &#8211; auch ohne Angabe von Gr\u00fcnden &#8211; durch den Betreiber der Webseite widerrufen werden. Hier nur beispielsweise angef\u00fchrt &#8211; eine Auswahl von Anfragen zur Berechtigung von Einstellungen, welche der Betreiber der Webseite grunds\u00e4tzlich <strong>nicht<\/strong> gew\u00e4hrt:<\/p>\n<ul>\n<li>Tierz\u00fcchter, bzw. Personen oder Organisationen welche den Handel mit Tieren professionell betreiben &#8211; ungeachtet dessen ob sie dies lagal oder illegal tun.<\/li>\n<li>Gewerbliche Angebote jedweder Art &#8211; ausgenommen sind vereinbarte Werbema\u00dfnahmen.<\/li>\n<li>Benutzer deren Beitr\u00e4ge in offensichtlicher Art und Weise nicht dem Thema oder der Ausrichtung dieser Webseite entsprechen.<\/li>\n<\/ul>\n<p>2.) Eingebrachte oder ver\u00f6ffentlichte Beitr\u00e4ge und Kommentare k\u00f6nnen vom Betreiber der Webseite jederzeit ohne Angabe von Gr\u00fcnden entfernt werden. <em>Anmerkung:<\/em> dies betrifft in der Regel Inhalte die den guten Sitten widersprechen oder nicht zum Thema und der Ausrichtung dieser Webseite entsprechen.<\/p>\n<p>3.) Die Einstellung von Beitr\u00e4gen \/ Inseraten auf dieser Webseite ist grunds\u00e4tzlich kostenlos &#8211; ausgenommen sind einzelne Vereinbarungen bzw. bereits erw\u00e4hnte Werbema\u00dfnahmen nach Absprache.<\/p>\n<p>4.) Berechtigte Benutzer verpflichten sich zur Entfernung von eingestellten Beitr\u00e4gen \/ Inseraten sobald deren Inhalt obsolet und nicht mehr aktuell wird &#8211; dies in einem vertretbaren Zeitrahmen. Der Betreiber der Webseite beh\u00e4lt sich das Recht vor, offensichtlich obsolete und nicht mehr aktuelle Beitr\u00e4ge ohne Ank\u00fcndigung und Information zu entfernen.<\/p>\n<p>5.) Die Inhalte von eingestellten Beitr\u00e4gen m\u00fcssen dem Thema und der grunds\u00e4tzlichen Ausrichtung dieser Webseite entsprechen. Die Beitr\u00e4ge &#8211; und auch Teile dessen &#8211; m\u00fcssen in Sinn und Wortwahl den guten Sitten entsprechen.<\/p>\n<p>6.) Der Betreiber dieser Webseite ist grunds\u00e4tzlich f\u00fcr die Inhalte in eingestellten Beitr\u00e4gen \/ Inseraten <strong>nicht<\/strong> verantwortlich. Auch f\u00fcr etwaige Folgen (ob positiv oder negativ) von diesen bereitgestellten Inhalten ist der Betreiber dieser Webseite weder haftbar noch Nutzniesser.<\/p>\n<p>Ort und Stand dieser Bedingungen ist Wien &#8211; die nachtr\u00e4gliche \u00c4nderung oder Erweiterung ist jederzeit ohne pers\u00f6nliche oder generelle Information an einzelne Personen oder Organisationen m\u00f6glich.<\/p>\n<hr \/>\n<p><b>DATENSCHUTZ<\/b><\/p>\n<p>Datenschutzrichtlinie<\/p>\n<p>Die Einhaltung der geltenden gesetzlichen Bestimmungen zum Datenschutz personenbezogener Daten ist f\u00fcr uns selbstverst\u00e4ndlich. Gem\u00e4\u00df Datenschutzgesetz (DSG 2000) sind personenbezogene Daten Informationen, die genutzt werden k\u00f6nnen, um die Identit\u00e4t von Web-Benutzern zu erfahren. Darunter fallen Informationen wie Name, Adresse, Postanschrift, Telefonnummer etc. S\u00e4mtliche Informationen, die nicht direkt mit der tats\u00e4chlichen Identit\u00e4t des Benutzers in Verbindung gebracht werden k\u00f6nnen fallen somit nicht darunter.<\/p>\n<p>Bei einem Besuch dieser Website erheben wir ohne Ihrer freiwilligen Anmeldung keine personenbezogenen Daten von Ihnen. Es fallen jedoch (automatisch) Daten an, die in einer Protokolldatei auf dem von uns verwendeten Server gespeichert und ausschlie\u00dflich anonym zu Statistikzwecken ausgewertet werden.<\/p>\n<p>Bei Bedarf und soferne Sie einen personalisierten, interaktiven bzw. Mail-Dienst auf unserer Website verwenden, erfassen wir von Ihnen pers\u00f6nliche Informationen. Wir verwenden diese personenbezogenen Daten nur innerhalb unseres Aktivit\u00e4ten. Diese Daten werden nicht an Dritte weitergegeben, es sei denn, dies ist zur Vertragserf\u00fcllung erforderlich oder wir werden gesetzlich dazu verpflichtet.<\/p>\n<p>Dateninformation<\/p>\n<p>Sie haben das Recht zu erfahren, welche personenbezogenen Daten gesammelt wurden. F\u00fcr diesbez\u00fcgliche Fragen erreichen Sie uns unter der Emailadresse tierversuchsgegner@chello.at.<\/p>\n<p>Derzeit werden personenbezogene Daten nur durch expliziete Benutzeraktionen auf unserer Webseite &#8211; versehen mit entsprechender Information und Einverst\u00e4ndniserkl\u00e4rung &#8211; gespeichert.<\/p>\n<p><b>SONSTIGE ANGABEN<\/b><\/p>\n<p>Nutzungsbedingungen, Gew\u00e4hrleistung, Haftung<\/p>\n<p>Die Nutzung dieser Website erfolgt auf eigene Gefahr und auf eigenes Risiko. Wir \u00fcbernehmen keine Gew\u00e4hr f\u00fcr die ver\u00f6ffentlichten Beitr\u00e4ge, Angebote, Dienstleistungen und Services hinsichtlich Richtigkeit, Vollst\u00e4ndigkeit und Funktionalit\u00e4t. Die Gew\u00e4hrleistung richtet sich nach den gesetzlichen Bestimmungen. Jegliche Haftung f\u00fcr Sch\u00e4den, die direkt oder indirekt aus der Benutzung dieser Webseite entstehen, ist ausgeschlossen. Diese Website und die damit verbundenen Dienste werden unter dem Gesichtspunkt gr\u00f6\u00dfter Sorgfalt betrieben. Aus technischen Gr\u00fcnden ist es jedoch nicht m\u00f6glich, da\u00df diese Dienste ohne Unterbrechung zug\u00e4nglich sind, da\u00df die gew\u00fcnschten Verbindungen immer hergestellt werden k\u00f6nnen oder, da\u00df gespeicherte Daten unter allen Gegebenheiten erhalten bleiben. Die st\u00e4ndige Verf\u00fcgbarkeit kann daher nicht zugesichert werden. Konnektivit\u00e4t zu anderen Netzbetreibern erfolgt nach Massgabe der M\u00f6glichkeiten. Jegliche Haftung f\u00fcr Probleme, die ihre Ursache in den Netzen Dritter haben, ist ausgeschlossen. Die Nutzung anderer Netze unterliegt den Nutzungsbedingungen der jeweiligen Betreiber. Unsererseits besteht keine Haftung f\u00fcr h\u00f6here Gewalt, Streiks, Einschr\u00e4nkungen der Leistungen anderer Netzbetreiber sowie Reparatur- und Wartungsarbeiten und den damit verbundenen Einschr\u00e4nkungen oder Unterbrechungen dieses Dienstes.<\/p>\n<p>Link Policy<\/p>\n<p>Bei Verlinkungen auf weitere Online-Angebote \u00fcbernehmen wir keinerlei Haftung \u00fcber Inhalt, Funktionalit\u00e4t und Verf\u00fcgbarkeit der verlinkten Webseite(n). Dies gilt auch bei allen anderen direkten oder indirekten Verweisen oder Verlinkungen auf fremde Internetangebote. Links auf diese Webseite sind erw\u00fcnscht, wenn diese als externe Links in einem eigenen Browserfenster gestaltet sind. Eine \u00dcbernahme des Hauptfensters in einen Frame des Linksetzers ist unzul\u00e4ssig. Sollte eine Website, auf die wir verlinkt haben, rechtswidrige Inhalte enthalten, so bitten wir um Mitteilung, der Link wird umgehend entfernt.<\/p>\n<p>&nbsp;<\/p>\n","protected":false},"excerpt":{"rendered":"<p>F\u00fcr grundlegende Inhalte, Zielrichtung und Angebote dieser Webseite verantwortlich: Internationaler Bund der Tierversuchsgegner (IBT) 1030 Wien, Radetzkystrasse 21\u00a0\u00a0\u00a0\u00a0\u00a0\u00a0\u00a0\u00a0\u00a0\u00a0\u00a0 ZVR-Zahl: 220181919 Tel.:\u00a0 +43 (0)1 713 08 23-0\u00a0\u00a0\u00a0\u00a0\u00a0\u00a0\u00a0\u00a0\u00a0\u00a0\u00a0\u00a0\u00a0\u00a0\u00a0\u00a0\u00a0\u00a0\u00a0\u00a0\u00a0\u00a0 Fax:\u00a0 +43 (0)1 713 08 23-10 Email:\u00a0\u00a0\u00a0\u00a0\u00a0\u00a0\u00a0\u00a0\u00a0\u00a0\u00a0\u00a0\u00a0\u00a0\u00a0\u00a0\u00a0 tierversuchsgegner@chello.at Web:\u00a0\u00a0\u00a0\u00a0\u00a0\u00a0\u00a0\u00a0\u00a0\u00a0\u00a0\u00a0\u00a0\u00a0\u00a0\u00a0\u00a0\u00a0\u00a0 www.tierversuchsgegner.at GESCH\u00c4FTSBEDINGUNGEN ZUR NUTZUNG UNSERER FUNKTIONEN F\u00dcR REGISTRIERTE UND BERECHTIGTE BENUTZER 1.) Zur Einstellung von Beitr\u00e4gen \/ Inseraten auf dieser Webseite ist eine entsprechende Registrierung und Freigabe durch den Betreiber der Webseite erforderlich. Diese Freigabe erfolgt nach Pr\u00fcfung und kann jederzeit &#8211; auch ohne Angabe von Gr\u00fcnden &#8211; durch den Betreiber der Webseite widerrufen werden. Hier nur beispielsweise angef\u00fchrt &#8211; eine Auswahl von Anfragen zur Berechtigung von Einstellungen, welche der Betreiber der Webseite grunds\u00e4tzlich nicht gew\u00e4hrt: Tierz\u00fcchter, bzw. Personen oder Organisationen welche den Handel mit Tieren professionell betreiben &#8211; ungeachtet dessen ob sie dies lagal oder illegal tun. Gewerbliche Angebote jedweder Art &#8211; ausgenommen sind vereinbarte Werbema\u00dfnahmen. Benutzer deren Beitr\u00e4ge in offensichtlicher Art und Weise<\/p>\n","protected":false},"author":1,"featured_media":0,"parent":0,"menu_order":0,"comment_status":"closed","ping_status":"closed","template":"","meta":{"footnotes":""},"_links":{"self":[{"href":"https:\/\/www.tierversuchsgegner.at\/tiervergabe\/WP\/index.php\/wp-json\/wp\/v2\/pages\/91"}],"collection":[{"href":"https:\/\/www.tierversuchsgegner.at\/tiervergabe\/WP\/index.php\/wp-json\/wp\/v2\/pages"}],"about":[{"href":"https:\/\/www.tierversuchsgegner.at\/tiervergabe\/WP\/index.php\/wp-json\/wp\/v2\/types\/page"}],"author":[{"embeddable":true,"href":"https:\/\/www.tierversuchsgegner.at\/tiervergabe\/WP\/index.php\/wp-json\/wp\/v2\/users\/1"}],"replies":[{"embeddable":true,"href":"https:\/\/www.tierversuchsgegner.at\/tiervergabe\/WP\/index.php\/wp-json\/wp\/v2\/comments?post=91"}],"version-history":[{"count":10,"href":"https:\/\/www.tierversuchsgegner.at\/tiervergabe\/WP\/index.php\/wp-json\/wp\/v2\/pages\/91\/revisions"}],"predecessor-version":[{"id":444,"href":"https:\/\/www.tierversuchsgegner.at\/tiervergabe\/WP\/index.php\/wp-json\/wp\/v2\/pages\/91\/revisions\/444"}],"wp:attachment":[{"href":"https:\/\/www.tierversuchsgegner.at\/tiervergabe\/WP\/index.php\/wp-json\/wp\/v2\/media?parent=91"}],"curies":[{"name":"wp","href":"https:\/\/api.w.org\/{rel}","templated":true}]}}