{"id":114,"date":"2020-03-18T14:33:03","date_gmt":"2020-03-18T13:33:03","guid":{"rendered":"http:\/\/www.tierversuchsgegner.at\/wpibt\/?page_id=114"},"modified":"2020-03-18T17:58:21","modified_gmt":"2020-03-18T16:58:21","slug":"tierpaten-gesucht","status":"publish","type":"page","link":"https:\/\/www.tierversuchsgegner.at\/wpibt\/tiervergabe\/tierpaten-gesucht\/","title":{"rendered":"Tierpaten gesucht"},"content":{"rendered":"<h3>\u00dcbernehmen Sie eine Patenschaft f\u00fcr einen unserer Sch\u00fctzlinge!<\/h3>\n<p><strong>Liebe Tierfreunde!<\/strong><\/p>\n<p>T\u00e4glich mit unvorstellbarem Tierleid konfrontiert, wollen wir so rasch und effizient wie m\u00f6glich helfen, dieses Leid zu lindern.<\/p>\n<p>Dazu sind wir auch auf Ihre finanzielle Hilfe angewiesen. Schon mit einer kleinen monatlichen Unterst\u00fctzung geben Sie Tieren eine Chance auf ein artgerechtes und gl\u00fcckliches Leben, die ohne Hilfe ein grausames und unw\u00fcrdiges Schicksal erleiden m\u00fcssten.<\/p>\n<p><strong>Mit Ihrer Patenschaft erm\u00f6glichen Sie:<\/strong><\/p>\n<ul>\n<li>Kauf von Spezialfutter<\/li>\n<li>f\u00fcr notwendige OP\u00b4s<\/li>\n<li>Kastrationen<\/li>\n<li>Kostenaufwendungen f\u00fcr Tierpension<\/li>\n<li>Betreuungspl\u00e4tze<\/li>\n<\/ul>\n<p>Aufrufe: 859<\/p>","protected":false},"excerpt":{"rendered":"<p>\u00dcbernehmen Sie eine Patenschaft f\u00fcr einen unserer Sch\u00fctzlinge! Liebe Tierfreunde! T\u00e4glich mit unvorstellbarem Tierleid konfrontiert, wollen wir so rasch und effizient wie m\u00f6glich helfen, dieses Leid zu lindern. Dazu sind wir auch auf Ihre finanzielle Hilfe angewiesen. Schon mit einer kleinen monatlichen <\/p>\n<p><a class=\"read-more\" href=\"https:\/\/www.tierversuchsgegner.at\/wpibt\/tiervergabe\/tierpaten-gesucht\/\">weiterlesen<\/a><\/p>\n","protected":false},"author":1,"featured_media":0,"parent":29,"menu_order":0,"comment_status":"closed","ping_status":"closed","template":"","meta":{"_lmt_disableupdate":"","_lmt_disable":"","footnotes":""},"_links":{"self":[{"href":"https:\/\/www.tierversuchsgegner.at\/wpibt\/wp-json\/wp\/v2\/pages\/114"}],"collection":[{"href":"https:\/\/www.tierversuchsgegner.at\/wpibt\/wp-json\/wp\/v2\/pages"}],"about":[{"href":"https:\/\/www.tierversuchsgegner.at\/wpibt\/wp-json\/wp\/v2\/types\/page"}],"author":[{"embeddable":true,"href":"https:\/\/www.tierversuchsgegner.at\/wpibt\/wp-json\/wp\/v2\/users\/1"}],"replies":[{"embeddable":true,"href":"https:\/\/www.tierversuchsgegner.at\/wpibt\/wp-json\/wp\/v2\/comments?post=114"}],"version-history":[{"count":3,"href":"https:\/\/www.tierversuchsgegner.at\/wpibt\/wp-json\/wp\/v2\/pages\/114\/revisions"}],"predecessor-version":[{"id":245,"href":"https:\/\/www.tierversuchsgegner.at\/wpibt\/wp-json\/wp\/v2\/pages\/114\/revisions\/245"}],"up":[{"embeddable":true,"href":"https:\/\/www.tierversuchsgegner.at\/wpibt\/wp-json\/wp\/v2\/pages\/29"}],"wp:attachment":[{"href":"https:\/\/www.tierversuchsgegner.at\/wpibt\/wp-json\/wp\/v2\/media?parent=114"}],"curies":[{"name":"wp","href":"https:\/\/api.w.org\/{rel}","templated":true}]}}