{"id":158,"date":"2020-03-18T14:38:59","date_gmt":"2020-03-18T13:38:59","guid":{"rendered":"http:\/\/www.tierversuchsgegner.at\/wpibt\/?page_id=158"},"modified":"2020-03-18T18:00:30","modified_gmt":"2020-03-18T17:00:30","slug":"pflegeplaetze-gesucht","status":"publish","type":"page","link":"https:\/\/www.tierversuchsgegner.at\/wpibt\/tiervergabe\/pflegeplaetze-gesucht\/","title":{"rendered":"Pflegepl\u00e4tze gesucht"},"content":{"rendered":"<h3>Dringend Pflegepl\u00e4tze gesucht!<\/h3>\n<p>Tierleid ist leider allt\u00e4glich. Immer wieder mu\u00df der Internationale Bund der Tierversuchsgegner (IBT) in Not geratenen Vierbeinern rasch und unb\u00fcrokratisch helfen. Oft entscheiden Stunden \u00fcber Leben oder Tod eines Tieres. Doch wohin mit der geretteten Katze oder dem geretteten Hund? Nicht immer stellen Tierheime oder Pensionen die passende L\u00f6sung dar, da sie st\u00e4ndig \u00fcberbelegt sind.<\/p>\n<p>Der IBT sucht daher nach hilfsbereiten Menschen, die unseren Sch\u00fctzlingen solange Asyl gew\u00e4hren, bis wir ein endg\u00fcltiges Zuhause f\u00fcr sie gefunden haben. Es besteht keinerlei Verpflichtung, das aufgenommene Tier zu behalten. Auch die veterin\u00e4rmedizinische Grunduntersuchung wird vom IBT \u00fcbernommen.<\/p>\n<p>Wer Katzen oder vor allem Hunden helfen m\u00f6chte,\u00a0 wende sich von MO bis FR, 9-18 Uhr, an:<\/p>\n<p>IBT, Radetzkystra\u00dfe 21, 1030 Wien<\/p>\n<p>Tel: 01\/713 08 23<\/p>\n<p>oder an Frau Gerda Matias 0676\/600 30 47<\/p>\n<p>oder via Email an <span id=\"cloak75194\"><a href=\"mailto:tiervergabe@tierversuchsgegner.at\">tiervergabe@tierversuchsgegner.at<\/a><\/span><\/p>\n<p>Vielen Dank<\/p>\n<p>&nbsp;<\/p>\n<p>Aufrufe: 1164<\/p>","protected":false},"excerpt":{"rendered":"<p>Dringend Pflegepl\u00e4tze gesucht! Tierleid ist leider allt\u00e4glich. Immer wieder mu\u00df der Internationale Bund der Tierversuchsgegner (IBT) in Not geratenen Vierbeinern rasch und unb\u00fcrokratisch helfen. Oft entscheiden Stunden \u00fcber Leben oder Tod eines Tieres. Doch wohin mit der geretteten Katze oder dem geretteten <\/p>\n<p><a class=\"read-more\" href=\"https:\/\/www.tierversuchsgegner.at\/wpibt\/tiervergabe\/pflegeplaetze-gesucht\/\">weiterlesen<\/a><\/p>\n","protected":false},"author":1,"featured_media":0,"parent":29,"menu_order":0,"comment_status":"closed","ping_status":"closed","template":"","meta":{"_lmt_disableupdate":"","_lmt_disable":"","footnotes":""},"_links":{"self":[{"href":"https:\/\/www.tierversuchsgegner.at\/wpibt\/wp-json\/wp\/v2\/pages\/158"}],"collection":[{"href":"https:\/\/www.tierversuchsgegner.at\/wpibt\/wp-json\/wp\/v2\/pages"}],"about":[{"href":"https:\/\/www.tierversuchsgegner.at\/wpibt\/wp-json\/wp\/v2\/types\/page"}],"author":[{"embeddable":true,"href":"https:\/\/www.tierversuchsgegner.at\/wpibt\/wp-json\/wp\/v2\/users\/1"}],"replies":[{"embeddable":true,"href":"https:\/\/www.tierversuchsgegner.at\/wpibt\/wp-json\/wp\/v2\/comments?post=158"}],"version-history":[{"count":3,"href":"https:\/\/www.tierversuchsgegner.at\/wpibt\/wp-json\/wp\/v2\/pages\/158\/revisions"}],"predecessor-version":[{"id":247,"href":"https:\/\/www.tierversuchsgegner.at\/wpibt\/wp-json\/wp\/v2\/pages\/158\/revisions\/247"}],"up":[{"embeddable":true,"href":"https:\/\/www.tierversuchsgegner.at\/wpibt\/wp-json\/wp\/v2\/pages\/29"}],"wp:attachment":[{"href":"https:\/\/www.tierversuchsgegner.at\/wpibt\/wp-json\/wp\/v2\/media?parent=158"}],"curies":[{"name":"wp","href":"https:\/\/api.w.org\/{rel}","templated":true}]}}