{"id":1649,"date":"2020-07-23T11:30:11","date_gmt":"2020-07-23T09:30:11","guid":{"rendered":"http:\/\/www.tierversuchsgegner.at\/wpibt\/?page_id=1649"},"modified":"2020-07-23T11:57:48","modified_gmt":"2020-07-23T09:57:48","slug":"unsere-gross-projekte","status":"publish","type":"page","link":"https:\/\/www.tierversuchsgegner.at\/wpibt\/unsere-gross-projekte\/","title":{"rendered":"Unsere Gro\u00df-Projekte"},"content":{"rendered":"<p>Informieren Sie sich hier \u00fcber unsere aktuellen Gro\u00dfprojekte:<\/p>\n<p>&nbsp;<\/p>\n<h3 style=\"text-align: center;\"><a href=\"https:\/\/www.tierversuchsgegner.at\/wpibt\/category\/projekt-mitrovica\/\">Unterst\u00fctzung eines Hundeasyls in Sr. Mitrovica \/ Serbien<\/a><\/h3>\n<p>&nbsp;<\/p>\n<h3 style=\"text-align: center;\"><a href=\"https:\/\/www.tierversuchsgegner.at\/wpibt\/category\/projekt-pflegestellen\/\">Aus- und Aufbau unserer Pflegestellen und Asyle in \u00d6sterreich<\/a><\/h3>\n<p>&nbsp;<\/p>\n<p>&nbsp;<\/p>\n<p>Aufrufe: 746<\/p>","protected":false},"excerpt":{"rendered":"<p>Informieren Sie sich hier \u00fcber unsere aktuellen Gro\u00dfprojekte: &nbsp; Unterst\u00fctzung eines Hundeasyls in Sr. Mitrovica \/ Serbien &nbsp; Aus- und Aufbau unserer Pflegestellen und Asyle in \u00d6sterreich &nbsp; &nbsp; Aufrufe: 746<\/p>\n","protected":false},"author":1,"featured_media":0,"parent":0,"menu_order":0,"comment_status":"closed","ping_status":"closed","template":"","meta":{"_lmt_disableupdate":"no","_lmt_disable":"","footnotes":""},"_links":{"self":[{"href":"https:\/\/www.tierversuchsgegner.at\/wpibt\/wp-json\/wp\/v2\/pages\/1649"}],"collection":[{"href":"https:\/\/www.tierversuchsgegner.at\/wpibt\/wp-json\/wp\/v2\/pages"}],"about":[{"href":"https:\/\/www.tierversuchsgegner.at\/wpibt\/wp-json\/wp\/v2\/types\/page"}],"author":[{"embeddable":true,"href":"https:\/\/www.tierversuchsgegner.at\/wpibt\/wp-json\/wp\/v2\/users\/1"}],"replies":[{"embeddable":true,"href":"https:\/\/www.tierversuchsgegner.at\/wpibt\/wp-json\/wp\/v2\/comments?post=1649"}],"version-history":[{"count":3,"href":"https:\/\/www.tierversuchsgegner.at\/wpibt\/wp-json\/wp\/v2\/pages\/1649\/revisions"}],"predecessor-version":[{"id":1657,"href":"https:\/\/www.tierversuchsgegner.at\/wpibt\/wp-json\/wp\/v2\/pages\/1649\/revisions\/1657"}],"wp:attachment":[{"href":"https:\/\/www.tierversuchsgegner.at\/wpibt\/wp-json\/wp\/v2\/media?parent=1649"}],"curies":[{"name":"wp","href":"https:\/\/api.w.org\/{rel}","templated":true}]}}