{"id":1720,"date":"2020-11-06T20:56:47","date_gmt":"2020-11-06T19:56:47","guid":{"rendered":"https:\/\/www.tierversuchsgegner.at\/wpibt\/?page_id=1720"},"modified":"2020-11-06T21:18:04","modified_gmt":"2020-11-06T20:18:04","slug":"online-spenden","status":"publish","type":"page","link":"https:\/\/www.tierversuchsgegner.at\/wpibt\/ueber-uns\/helfen-sie\/online-spenden\/","title":{"rendered":"ONLINE SPENDEN"},"content":{"rendered":"<p>Sie k\u00f6nnen hier direkt online an uns mit Ihrer Kreditkarte spenden. Die \u00dcbertragung erfolgt \u00fcber unsere Finanzpartner mittels gesicherter Verbindung &#8211; Ihre diesbez\u00fcglichen Daten zur Kreditkarte werden bei uns nicht gespeichert.<\/p>\n<hr \/>\n<div class=\"wpforms-container wpforms-container-full wpforms-stripe\" id=\"wpforms-1708\"><form id=\"wpforms-form-1708\" class=\"wpforms-validate wpforms-form wpforms-ajax-form\" data-formid=\"1708\" method=\"post\" enctype=\"multipart\/form-data\" action=\"\/wpibt\/wp-json\/wp\/v2\/pages\/1720\" data-token=\"7cabb8d20f0e390b291f41da9ea0ecf1\"><div class=\"wpforms-head-container\"><div class=\"wpforms-description\">Online Spenden an den IBT<\/div><\/div><noscript class=\"wpforms-error-noscript\">Bitte aktiviere JavaScript in deinem Browser, um dieses Formular fertigzustellen.<\/noscript><div class=\"wpforms-field-container\"><div id=\"wpforms-1708-field_0-container\" class=\"wpforms-field wpforms-field-name\" data-field-id=\"0\"><label class=\"wpforms-field-label\" for=\"wpforms-1708-field_0\">Name (optional)<\/label><div class=\"wpforms-field-row wpforms-field-medium\"><div class=\"wpforms-field-row-block wpforms-first wpforms-one-half\"><input type=\"text\" id=\"wpforms-1708-field_0\" class=\"wpforms-field-name-first\" name=\"wpforms[fields][0][first]\" placeholder=\"Ihr Vorname\" ><label for=\"wpforms-1708-field_0\" class=\"wpforms-field-sublabel after \">Vorname<\/label><\/div><div class=\"wpforms-field-row-block wpforms-one-half\"><input type=\"text\" id=\"wpforms-1708-field_0-last\" class=\"wpforms-field-name-last\" name=\"wpforms[fields][0][last]\" placeholder=\"Ihr Nachname\" ><label for=\"wpforms-1708-field_0-last\" class=\"wpforms-field-sublabel after \">Nachname<\/label><\/div><\/div><\/div><div id=\"wpforms-1708-field_11-container\" class=\"wpforms-field wpforms-field-text\" data-field-id=\"11\"><label class=\"wpforms-field-label\" for=\"wpforms-1708-field_11\">Adresse (optional)<\/label><input type=\"text\" id=\"wpforms-1708-field_11\" class=\"wpforms-field-medium\" name=\"wpforms[fields][11]\" placeholder=\"Ihre Adresse\" ><\/div><div id=\"wpforms-1708-field_12-container\" class=\"wpforms-field wpforms-field-text\" data-field-id=\"12\"><label class=\"wpforms-field-label\" for=\"wpforms-1708-field_12\">Postleitzahl (optional)<\/label><input type=\"text\" id=\"wpforms-1708-field_12\" class=\"wpforms-field-small\" name=\"wpforms[fields][12]\" placeholder=\"PLZ\" ><\/div><div id=\"wpforms-1708-field_13-container\" class=\"wpforms-field wpforms-field-text\" data-field-id=\"13\"><label class=\"wpforms-field-label\" for=\"wpforms-1708-field_13\">Ort (optional)<\/label><input type=\"text\" id=\"wpforms-1708-field_13\" class=\"wpforms-field-small\" name=\"wpforms[fields][13]\" placeholder=\"Ort\" ><\/div><div id=\"wpforms-1708-field_15-container\" class=\"wpforms-field wpforms-field-select wpforms-field-select-style-classic\" data-field-id=\"15\"><label class=\"wpforms-field-label\" for=\"wpforms-1708-field_15\">Land (optional)<\/label><select id=\"wpforms-1708-field_15\" class=\"wpforms-field-small\" name=\"wpforms[fields][15]\"><option value=\"\u00d6sterreich\"  selected='selected'>\u00d6sterreich<\/option><option value=\"Deutschland\" >Deutschland<\/option><option value=\"Schweiz\" >Schweiz<\/option><option value=\"Anderes Land, bitte angeben\" >Anderes Land, bitte angeben<\/option><\/select><\/div><div id=\"wpforms-1708-field_16-container\" class=\"wpforms-field wpforms-field-text\" data-field-id=\"16\"><label class=\"wpforms-field-label\" for=\"wpforms-1708-field_16\">Anderes Land (optional nach Landesauswahl)<\/label><input type=\"text\" id=\"wpforms-1708-field_16\" class=\"wpforms-field-medium\" name=\"wpforms[fields][16]\" ><div class=\"wpforms-field-description\">Wenn Sie nicht \u00d6sterreich, Deuschland oder Schweiz gew\u00e4hlt haben - bitte angeben<\/div><\/div><div id=\"wpforms-1708-field_1-container\" class=\"wpforms-field wpforms-field-email\" data-field-id=\"1\"><label class=\"wpforms-field-label\" for=\"wpforms-1708-field_1\">Email-Adresse <span class=\"wpforms-required-label\">*<\/span><\/label><input type=\"email\" id=\"wpforms-1708-field_1\" class=\"wpforms-field-medium wpforms-field-required\" name=\"wpforms[fields][1]\" placeholder=\"Ihre Email-Adresse\" spellcheck=\"false\" required><\/div><div id=\"wpforms-1708-field_2-container\" class=\"wpforms-field wpforms-field-textarea\" data-field-id=\"2\"><label class=\"wpforms-field-label\" for=\"wpforms-1708-field_2\">Kommentar oder Nachricht (optional)<\/label><textarea id=\"wpforms-1708-field_2\" class=\"wpforms-field-medium\" name=\"wpforms[fields][2]\" placeholder=\"Ihre Nachricht ... \" ><\/textarea><\/div><div id=\"wpforms-1708-field_9-container\" class=\"wpforms-field wpforms-field-checkbox\" data-field-id=\"9\"><label class=\"wpforms-field-label\" for=\"wpforms-1708-field_9\">Unsere Aussendungen und Informationen (optional)<\/label><ul id=\"wpforms-1708-field_9\"><li class=\"choice-1 depth-1\"><input type=\"checkbox\" id=\"wpforms-1708-field_9_1\" name=\"wpforms[fields][9][]\" value=\"Ja ich m\u00f6chte regelm\u00e4ssig Informationen des IBT erhalten\"  ><label class=\"wpforms-field-label-inline\" for=\"wpforms-1708-field_9_1\">Ja ich m\u00f6chte regelm\u00e4ssig Informationen des IBT erhalten<\/label><\/li><\/ul><div class=\"wpforms-field-description\">Wir geben Ihre Daten gem\u00e4ss unserem Impressum nicht an Dritte weiter. Sie k\u00f6nnen den Erhalt jederzeit telefonisch oder mittels Email stornieren. Wenn Sie hier 'JA' w\u00e4hlen geben Sie bitte oben auch Ihre Adressdaten an. Danke!<\/div><\/div><div id=\"wpforms-1708-field_8-container\" class=\"wpforms-field wpforms-field-payment-select wpforms-field-select-style-classic\" data-field-id=\"8\"><label class=\"wpforms-field-label\" for=\"wpforms-1708-field_8\">Ihre Spende <span class=\"wpforms-required-label\">*<\/span><\/label><select id=\"wpforms-1708-field_8\" class=\"wpforms-payment-price wpforms-field-medium wpforms-field-required\" name=\"wpforms[fields][8]\" required=\"required\"><option value=\"1\" data-amount=\"5,00\" >5 Euro<\/option><option value=\"2\" data-amount=\"10,00\" >10 Euro<\/option><option value=\"3\" data-amount=\"20,00\" >20 Euro<\/option><option value=\"4\" data-amount=\"30,00\" >30 Euro<\/option><option value=\"5\" data-amount=\"40,00\" >40 Euro<\/option><option value=\"7\" data-amount=\"50,00\" >50 Euro<\/option><option value=\"6\" data-amount=\"60,00\" >60 Euro<\/option><option value=\"10\" data-amount=\"70,00\" >70 Euro<\/option><option value=\"9\" data-amount=\"80,00\" >80 Euro<\/option><option value=\"8\" data-amount=\"90,00\" >90 Euro<\/option><option value=\"11\" data-amount=\"100,00\" >100 Euro<\/option><option value=\"12\" data-amount=\"150,00\" >150 Euro<\/option><option value=\"13\" data-amount=\"200,00\" >200 Euro<\/option><\/select><\/div><div id=\"wpforms-1708-field_6-container\" class=\"wpforms-field wpforms-field-stripe-credit-card\" data-field-id=\"6\"><label class=\"wpforms-field-label\" for=\"wpforms-1708-field_6\">Zahlungsangaben mit Kreditkarte <span class=\"wpforms-required-label\">*<\/span><\/label><div class=\"wpforms-field-row wpforms-field-medium\"><div class=\"wpforms-field-stripe-credit-card-number\"><div id=\"wpforms-1708-field_6\" class=\"wpforms-field-stripe-credit-card-cardnumber wpforms-field-required\" data-required=\"required\"><!-- a Stripe Element will be inserted here. --><\/div><input type=\"text\" class=\"wpforms-stripe-credit-card-hidden-input\" name=\"wpforms[stripe-credit-card-hidden-input-1708]\" disabled style=\"display: none;\"><label for=\"wpforms-1708-field_6\" class=\"wpforms-field-sublabel after \">Karte<\/label><\/div><\/div><div class=\"wpforms-field-row wpforms-field-medium\"><div class=\"wpforms-field-stripe-credit-card-name\"><input type=\"text\" id=\"wpforms-1708-field_6-cardname\" class=\"wpforms-field-stripe-credit-card-cardname wpforms-field-required\" name=\"wpforms[stripe-credit-card-cardname]\" required><label for=\"wpforms-1708-field_6-cardname\" class=\"wpforms-field-sublabel after \">Name auf der Karte<\/label><\/div><\/div><\/div><\/div><!-- .wpforms-field-container --><div class=\"wpforms-field wpforms-field-hp\"><label for=\"wpforms-1708-field-hp\" class=\"wpforms-field-label\">Name<\/label><input type=\"text\" name=\"wpforms[hp]\" id=\"wpforms-1708-field-hp\" class=\"wpforms-field-medium\"><\/div><div class=\"wpforms-recaptcha-container wpforms-is-recaptcha\" ><div class=\"g-recaptcha\" data-sitekey=\"6LfhdeIUAAAAADDfY_-bvZiENBQUDCvX7zzUjELP\"><\/div><input type=\"text\" name=\"g-recaptcha-hidden\" class=\"wpforms-recaptcha-hidden\" style=\"position:absolute!important;clip:rect(0,0,0,0)!important;height:1px!important;width:1px!important;border:0!important;overflow:hidden!important;padding:0!important;margin:0!important;\" data-rule-recaptcha=\"1\"><\/div><div class=\"wpforms-submit-container\" ><input type=\"hidden\" name=\"wpforms[id]\" value=\"1708\"><input type=\"hidden\" name=\"wpforms[author]\" value=\"1\"><button type=\"submit\" name=\"wpforms[submit]\" id=\"wpforms-submit-1708\" class=\"wpforms-submit\" data-alt-text=\"wird durchgef\u00fchrt ... \" data-submit-text=\"Spenden\" aria-live=\"assertive\" value=\"wpforms-submit\">Spenden<\/button><img loading=\"lazy\" decoding=\"async\" src=\"https:\/\/www.tierversuchsgegner.at\/wpibt\/wp-content\/plugins\/wpforms\/assets\/images\/submit-spin.svg\" class=\"wpforms-submit-spinner\" style=\"display: none;\" width=\"26\" height=\"26\" alt=\"Wird geladen\"><\/div><\/form><\/div>  <!-- .wpforms-container -->\n<p>&nbsp;<\/p>\n<p>Aufrufe: 1841<\/p>","protected":false},"excerpt":{"rendered":"<p>Sie k\u00f6nnen hier direkt online an uns mit Ihrer Kreditkarte spenden. Die \u00dcbertragung erfolgt \u00fcber unsere Finanzpartner mittels gesicherter Verbindung &#8211; Ihre diesbez\u00fcglichen Daten zur Kreditkarte werden bei uns nicht gespeichert. &nbsp; Aufrufe: 1841<\/p>\n","protected":false},"author":1,"featured_media":0,"parent":90,"menu_order":0,"comment_status":"closed","ping_status":"closed","template":"","meta":{"_lmt_disableupdate":"no","_lmt_disable":"","footnotes":""},"_links":{"self":[{"href":"https:\/\/www.tierversuchsgegner.at\/wpibt\/wp-json\/wp\/v2\/pages\/1720"}],"collection":[{"href":"https:\/\/www.tierversuchsgegner.at\/wpibt\/wp-json\/wp\/v2\/pages"}],"about":[{"href":"https:\/\/www.tierversuchsgegner.at\/wpibt\/wp-json\/wp\/v2\/types\/page"}],"author":[{"embeddable":true,"href":"https:\/\/www.tierversuchsgegner.at\/wpibt\/wp-json\/wp\/v2\/users\/1"}],"replies":[{"embeddable":true,"href":"https:\/\/www.tierversuchsgegner.at\/wpibt\/wp-json\/wp\/v2\/comments?post=1720"}],"version-history":[{"count":2,"href":"https:\/\/www.tierversuchsgegner.at\/wpibt\/wp-json\/wp\/v2\/pages\/1720\/revisions"}],"predecessor-version":[{"id":1723,"href":"https:\/\/www.tierversuchsgegner.at\/wpibt\/wp-json\/wp\/v2\/pages\/1720\/revisions\/1723"}],"up":[{"embeddable":true,"href":"https:\/\/www.tierversuchsgegner.at\/wpibt\/wp-json\/wp\/v2\/pages\/90"}],"wp:attachment":[{"href":"https:\/\/www.tierversuchsgegner.at\/wpibt\/wp-json\/wp\/v2\/media?parent=1720"}],"curies":[{"name":"wp","href":"https:\/\/api.w.org\/{rel}","templated":true}]}}