{"id":25,"date":"2020-03-18T12:59:09","date_gmt":"2020-03-18T11:59:09","guid":{"rendered":"http:\/\/www.tierversuchsgegner.at\/wpibt\/?page_id=25"},"modified":"2020-03-18T15:47:39","modified_gmt":"2020-03-18T14:47:39","slug":"ueber-uns","status":"publish","type":"page","link":"https:\/\/www.tierversuchsgegner.at\/wpibt\/ueber-uns\/","title":{"rendered":"\u00dcBER UNS"},"content":{"rendered":"<p><a href=\"https:\/\/www.tierversuchsgegner.at\/wpibt\/wer-wir-sind\/\">WER WIR SIND<\/a><\/p>\n<p style=\"padding-left: 40px;\"><a href=\"https:\/\/www.tierversuchsgegner.at\/wpibt\/erfolge\/\">Erfolge<\/a><\/p>\n<p style=\"padding-left: 40px;\"><a href=\"https:\/\/www.tierversuchsgegner.at\/wpibt\/ziele\/\">Ziele<\/a><\/p>\n<p><a href=\"https:\/\/www.tierversuchsgegner.at\/wpibt\/kontakt\/\">KONTAKT<\/a><\/p>\n<p style=\"padding-left: 40px;\"><a href=\"https:\/\/www.tierversuchsgegner.at\/wpibt\/ibt-2\/\">IBT<\/a><\/p>\n<p style=\"padding-left: 40px;\"><a href=\"https:\/\/www.tierversuchsgegner.at\/wpibt\/bundeszentrale\/\">Bundeszentrale<\/a><\/p>\n<p><a href=\"https:\/\/www.tierversuchsgegner.at\/wpibt\/helfen-sie\/\">HELFEN SIE<\/a><\/p>\n<p style=\"padding-left: 40px;\"><a href=\"https:\/\/www.tierversuchsgegner.at\/wpibt\/dauerauftrag-einrichten\/\">Dauerauftrag einrichten<\/a><\/p>\n<p style=\"padding-left: 40px;\"><a href=\"https:\/\/www.tierversuchsgegner.at\/wpibt\/vermaechtnis-fuer-tiere\/\">Verm\u00e4chtnis f\u00fcr Tiere<\/a><\/p>\n<p style=\"padding-left: 40px;\"><a href=\"https:\/\/www.tierversuchsgegner.at\/wpibt\/unterschriften-sammeln\/\">Unterschriften sammeln<\/a><\/p>\n<p style=\"padding-left: 40px;\"><a href=\"https:\/\/www.tierversuchsgegner.at\/wpibt\/infomaterial-anfordern\/\">Infomaterial anfordern<\/a><\/p>\n<p style=\"padding-left: 40px;\"><a href=\"https:\/\/www.tierversuchsgegner.at\/wpibt\/unterlagen-fuer-referate\/\">Unterlagen f\u00fcr Referate<\/a><\/p>\n<p><a href=\"https:\/\/www.tierversuchsgegner.at\/wpibt\/fauna-und-flora\/\">FAUNA und FLORA<\/a><\/p>\n<p><a href=\"https:\/\/www.tierversuchsgegner.at\/wpibt\/category\/petitionen\/\">PETITIONEN<\/a><\/p>\n<p><a href=\"https:\/\/www.tierversuchsgegner.at\/wpibt\/service\/\">SERVICE<\/a><\/p>\n<p>&nbsp;<\/p>\n<p>Aufrufe: 2840<\/p>","protected":false},"excerpt":{"rendered":"<p>WER WIR SIND Erfolge Ziele KONTAKT IBT Bundeszentrale HELFEN SIE Dauerauftrag einrichten Verm\u00e4chtnis f\u00fcr Tiere Unterschriften sammeln Infomaterial anfordern Unterlagen f\u00fcr Referate FAUNA und FLORA PETITIONEN SERVICE &nbsp; Aufrufe: 2840<\/p>\n","protected":false},"author":1,"featured_media":0,"parent":0,"menu_order":0,"comment_status":"closed","ping_status":"closed","template":"","meta":{"_lmt_disableupdate":"","_lmt_disable":"","footnotes":""},"_links":{"self":[{"href":"https:\/\/www.tierversuchsgegner.at\/wpibt\/wp-json\/wp\/v2\/pages\/25"}],"collection":[{"href":"https:\/\/www.tierversuchsgegner.at\/wpibt\/wp-json\/wp\/v2\/pages"}],"about":[{"href":"https:\/\/www.tierversuchsgegner.at\/wpibt\/wp-json\/wp\/v2\/types\/page"}],"author":[{"embeddable":true,"href":"https:\/\/www.tierversuchsgegner.at\/wpibt\/wp-json\/wp\/v2\/users\/1"}],"replies":[{"embeddable":true,"href":"https:\/\/www.tierversuchsgegner.at\/wpibt\/wp-json\/wp\/v2\/comments?post=25"}],"version-history":[{"count":4,"href":"https:\/\/www.tierversuchsgegner.at\/wpibt\/wp-json\/wp\/v2\/pages\/25\/revisions"}],"predecessor-version":[{"id":202,"href":"https:\/\/www.tierversuchsgegner.at\/wpibt\/wp-json\/wp\/v2\/pages\/25\/revisions\/202"}],"wp:attachment":[{"href":"https:\/\/www.tierversuchsgegner.at\/wpibt\/wp-json\/wp\/v2\/media?parent=25"}],"curies":[{"name":"wp","href":"https:\/\/api.w.org\/{rel}","templated":true}]}}