{"id":29,"date":"2020-03-18T12:59:09","date_gmt":"2020-03-18T11:59:09","guid":{"rendered":"http:\/\/www.tierversuchsgegner.at\/wpibt\/?page_id=29"},"modified":"2023-11-28T23:26:01","modified_gmt":"2023-11-28T22:26:01","slug":"tiervergabe","status":"publish","type":"page","link":"https:\/\/www.tierversuchsgegner.at\/wpibt\/tiervergabe\/","title":{"rendered":"TIERVERGABE"},"content":{"rendered":"<div>Sie finden hier sowohl Wissenswertes als auch Informatives &#8211; haupts\u00e4chlich geht es aber um Ihre Mithilfe f\u00fcr notleidende Tiere!<\/div>\n<div><\/div>\n<div>\n<p>Vielleicht k\u00f6nnen Sie ja f\u00fcr eines (oder mehrere) der hier inserierten Tiere einen Pflegeplatz auf Zeit oder Dauer zur Verf\u00fcgung stellen; oder Sie sind auf der Suche nach einem Tier, mit dem Sie Ihre n\u00e4chste Zeit gemeinsam verbringen m\u00f6chten.<\/p>\n<p>Alle Hunde und Katzen und andere Kleintiere f\u00fcr welche wir hier um gute Pl\u00e4tze bitten, haben fast ausnahmslos ein schweres Schiksal hinter sich &#8211; in vielen F\u00e4llen bedeutete unser Einschreiten sogar die Rettung vor einem sicheren Tod! Ob durch Befreiung aus T\u00f6tungsstationen oder sonstige widrige Umst\u00e4nde.<\/p>\n<p><a href=\"https:\/\/www.tierversuchsgegner.at\/wpibt\/category\/tiervergabe\/wissenswertes\/\">Wissenswertes<\/a><\/p>\n<p><a href=\"https:\/\/www.tierversuchsgegner.at\/wpibt\/category\/tiervergabe\/haustierinformationen\/\">Haustierinformationen<\/a><\/p>\n<p><a href=\"https:\/\/www.tierversuchsgegner.at\/wpibt\/tierpaten-gesucht\/\">Tierpaten gesucht<\/a><\/p>\n<p><a href=\"https:\/\/www.tierversuchsgegner.at\/wpibt\/pflegeplaetze-gesucht\/\">Pflegepl\u00e4tze gesucht<\/a><\/p>\n<\/div>\n<p>&nbsp;<\/p>\n<p>Besuchen Sie unsere Webseite zur Tiervergabe &#8211;<\/p>\n<p><a href=\"https:\/\/www.tierversuchsgegner.at\/tiervergabe\/WP\/\" target=\"_blank\" rel=\"noopener noreferrer\"><img loading=\"lazy\" decoding=\"async\" class=\"alignnone size-medium wp-image-1906\" src=\"https:\/\/www.tierversuchsgegner.at\/wpibt\/wp-content\/uploads\/banner_ibt_tiervergabe-2-300x180.png\" alt=\"\" width=\"300\" height=\"180\" srcset=\"https:\/\/www.tierversuchsgegner.at\/wpibt\/wp-content\/uploads\/banner_ibt_tiervergabe-2-300x180.png 300w, https:\/\/www.tierversuchsgegner.at\/wpibt\/wp-content\/uploads\/banner_ibt_tiervergabe-2.png 500w\" sizes=\"(max-width: 300px) 100vw, 300px\" \/> \u00a0\u00a0 HTTPS:\/\/tiervergabe.tierversuchsgegner.at<\/a><\/p>\n<p>&nbsp;<\/p>\n<p>&nbsp;<\/p>\n<div>\n<p>Unsere Tiervergabe f\u00fcr Hunde und Katzen finden Sie auch bei\u00a0 WILLHABEN.AT\u00a0 &#8211; folgen Sie dem Link zu unseren aktuellen Inseraten:<\/p>\n<h2><a href=\"https:\/\/www.willhaben.at\/iad\/bap\/webstore\/shop?orgId=20868325\" target=\"_blank\" rel=\"noopener noreferrer\">DER IBT AUF WILLHABEN.AT<\/a><\/h2>\n<p>&nbsp;<\/p>\n<\/div>\n<p>Aufrufe: 2346<\/p>","protected":false},"excerpt":{"rendered":"<p>Sie finden hier sowohl Wissenswertes als auch Informatives &#8211; haupts\u00e4chlich geht es aber um Ihre Mithilfe f\u00fcr notleidende Tiere! Vielleicht k\u00f6nnen Sie ja f\u00fcr eines (oder mehrere) der hier inserierten Tiere einen Pflegeplatz auf Zeit oder Dauer zur Verf\u00fcgung stellen; oder Sie <\/p>\n<p><a class=\"read-more\" href=\"https:\/\/www.tierversuchsgegner.at\/wpibt\/tiervergabe\/\">weiterlesen<\/a><\/p>\n","protected":false},"author":1,"featured_media":0,"parent":0,"menu_order":0,"comment_status":"closed","ping_status":"closed","template":"","meta":{"_lmt_disableupdate":"no","_lmt_disable":"","footnotes":""},"_links":{"self":[{"href":"https:\/\/www.tierversuchsgegner.at\/wpibt\/wp-json\/wp\/v2\/pages\/29"}],"collection":[{"href":"https:\/\/www.tierversuchsgegner.at\/wpibt\/wp-json\/wp\/v2\/pages"}],"about":[{"href":"https:\/\/www.tierversuchsgegner.at\/wpibt\/wp-json\/wp\/v2\/types\/page"}],"author":[{"embeddable":true,"href":"https:\/\/www.tierversuchsgegner.at\/wpibt\/wp-json\/wp\/v2\/users\/1"}],"replies":[{"embeddable":true,"href":"https:\/\/www.tierversuchsgegner.at\/wpibt\/wp-json\/wp\/v2\/comments?post=29"}],"version-history":[{"count":9,"href":"https:\/\/www.tierversuchsgegner.at\/wpibt\/wp-json\/wp\/v2\/pages\/29\/revisions"}],"predecessor-version":[{"id":1907,"href":"https:\/\/www.tierversuchsgegner.at\/wpibt\/wp-json\/wp\/v2\/pages\/29\/revisions\/1907"}],"wp:attachment":[{"href":"https:\/\/www.tierversuchsgegner.at\/wpibt\/wp-json\/wp\/v2\/media?parent=29"}],"curies":[{"name":"wp","href":"https:\/\/api.w.org\/{rel}","templated":true}]}}