{"id":66,"date":"2020-03-18T13:29:04","date_gmt":"2020-03-18T12:29:04","guid":{"rendered":"http:\/\/www.tierversuchsgegner.at\/wpibt\/?page_id=66"},"modified":"2020-03-18T15:54:54","modified_gmt":"2020-03-18T14:54:54","slug":"wer-wir-sind","status":"publish","type":"page","link":"https:\/\/www.tierversuchsgegner.at\/wpibt\/ueber-uns\/wer-wir-sind\/","title":{"rendered":"WER WIR SIND"},"content":{"rendered":"<h5>Wir sind eine seit 1968 bestehende Tierrechtsorganisation mit Mitgliedern, Freunden und Kontaktstellen in aller Welt.<\/h5>\n<h5>Unser Ziel Ist die Abschaffung aller Tierversuche sowie deren Ersatz durch tierversuchsfreie Methoden.<\/h5>\n<p><span class=\"artikel_text\"><strong>1. Information und Politik<\/strong> &#8211; wir wollen durch intensive \u00d6ffentlichkeitsarbeit eine auf breiter Basis stattfindende Bewusstseinsbildung der Bev\u00f6lkerung erreichen.<br \/>\nUnsere Arbeit st\u00fctzt sich auf Fakten.<br \/>\nIm Bereich der Politik versuchen wir, legistische Verbesserungen f\u00fcr die Tiere zu erreichen (z.B. die Initiative, durch die der \u00a7 285a ABGB zustande kam, der die Gleichstellung der Tiere mit Sachen beendete. Das Tierschutz-Volksbegehren im M\u00e4rz 1996 haben rund 460.000 Personen unterzeichnet. Am 1. J\u00e4nner 2006 wurden Tierversuche mit Menschenaffen gesetzlich verboten, nicht zuletzt auch aufgrund unserer initiierten Parlamentarischen B\u00fcrgerinitiative.)<br \/>\nEs ist uns gelungen, f\u00fcnf Wissenschafter unseres Vertrauens in die Kommission gem. \u00a7 13 Tierversuchsgesetz 89 zu nominieren.<br \/>\nDiese Kommission unterst\u00fctzt den Bundesminister f\u00fcr Wissenschaft bei der Erstellung von Richtlinien \u00fcber die Genehmigung und die Durchf\u00fchrung von Tierversuchen, die Z\u00fcchtung, Haltung und Unterbringung der Versuchstiere sowie die Qualifikation des mit der Betreuung der Versuchstiere befassten sachkundigen Personals.<\/span><\/p>\n<p><span class=\"artikel_text\"><strong>2. Erstellung von wissenschaftlichen Studien und Dokumentationen<\/strong>, die mit Faktensammlungen die notwendige Voraussetzung f\u00fcr Parlament und Gesetzgeber liefern, um \u00c4nderungen herbeizuf\u00fchren.<\/span><\/p>\n<p><span class=\"artikel_text\"><strong>3. Forschung nach Ersatzmethoden zum Tierversuch<\/strong> &#8211; ist ein wichtiger Beitrag zur Abschaffung der Tierversuche. Aus diesem Grund unterst\u00fctzen wir alle Bestrebungen, solche Methoden zu finden und deren Anwendung zu erm\u00f6glichen. Wir sind bestrebt, eine internationale Zusammenarbeit der an der Alternativforschung beteiligten Forscher und Institute zu erreichen.<\/span><\/p>\n<p><span class=\"artikel_text\"><strong>4. Selbstverst\u00e4ndlich engagieren wir uns auch gegen die Pelztierzucht<\/strong>, das Aufstellen von Fallen, sowie gegen jede andere Art der Tierqu\u00e4lerei wie sie z.B. bei der industriellen Massentierhaltung und bei Tiertransporten \u00fcblich ist.<\/span><\/p>\n<p><strong>5. Hilfe f\u00fcr Tiere in Not<\/strong> durch Pflegeaufnahme und Vermittlung.<\/p>\n<p>&nbsp;<\/p>\n<p>Aufrufe: 2310<\/p>","protected":false},"excerpt":{"rendered":"<p>Wir sind eine seit 1968 bestehende Tierrechtsorganisation mit Mitgliedern, Freunden und Kontaktstellen in aller Welt. Unser Ziel Ist die Abschaffung aller Tierversuche sowie deren Ersatz durch tierversuchsfreie Methoden. 1. Information und Politik &#8211; wir wollen durch intensive \u00d6ffentlichkeitsarbeit eine auf breiter Basis <\/p>\n<p><a class=\"read-more\" href=\"https:\/\/www.tierversuchsgegner.at\/wpibt\/ueber-uns\/wer-wir-sind\/\">weiterlesen<\/a><\/p>\n","protected":false},"author":1,"featured_media":0,"parent":25,"menu_order":0,"comment_status":"closed","ping_status":"closed","template":"","meta":{"_lmt_disableupdate":"","_lmt_disable":"","footnotes":""},"_links":{"self":[{"href":"https:\/\/www.tierversuchsgegner.at\/wpibt\/wp-json\/wp\/v2\/pages\/66"}],"collection":[{"href":"https:\/\/www.tierversuchsgegner.at\/wpibt\/wp-json\/wp\/v2\/pages"}],"about":[{"href":"https:\/\/www.tierversuchsgegner.at\/wpibt\/wp-json\/wp\/v2\/types\/page"}],"author":[{"embeddable":true,"href":"https:\/\/www.tierversuchsgegner.at\/wpibt\/wp-json\/wp\/v2\/users\/1"}],"replies":[{"embeddable":true,"href":"https:\/\/www.tierversuchsgegner.at\/wpibt\/wp-json\/wp\/v2\/comments?post=66"}],"version-history":[{"count":4,"href":"https:\/\/www.tierversuchsgegner.at\/wpibt\/wp-json\/wp\/v2\/pages\/66\/revisions"}],"predecessor-version":[{"id":205,"href":"https:\/\/www.tierversuchsgegner.at\/wpibt\/wp-json\/wp\/v2\/pages\/66\/revisions\/205"}],"up":[{"embeddable":true,"href":"https:\/\/www.tierversuchsgegner.at\/wpibt\/wp-json\/wp\/v2\/pages\/25"}],"wp:attachment":[{"href":"https:\/\/www.tierversuchsgegner.at\/wpibt\/wp-json\/wp\/v2\/media?parent=66"}],"curies":[{"name":"wp","href":"https:\/\/api.w.org\/{rel}","templated":true}]}}