{"id":93,"date":"2020-03-18T13:33:47","date_gmt":"2020-03-18T12:33:47","guid":{"rendered":"http:\/\/www.tierversuchsgegner.at\/wpibt\/?page_id=93"},"modified":"2020-03-18T16:26:31","modified_gmt":"2020-03-18T15:26:31","slug":"unterschriften-sammeln","status":"publish","type":"page","link":"https:\/\/www.tierversuchsgegner.at\/wpibt\/ueber-uns\/helfen-sie\/unterschriften-sammeln\/","title":{"rendered":"Unterschriften sammeln"},"content":{"rendered":"<p>Wenn Sie unsere Forderung nach der Abschaffung aller Tierversuche unterst\u00fctzen m\u00f6chten, tragen Sie sich bitte in der <a href=\"http:\/\/www.tierversuchsgegner.at\/images\/stories\/tierversuche\/tv_pdfs\/unterschriftenliste%20gegen%20tierversuche.pdf\" target=\"_blank\" rel=\"noopener noreferrer\">Unterschriftenliste<\/a> ein.<\/p>\n<p>Wenn Sie weitere Personen zur Unterzeichnung gewinnen k\u00f6nnen, tragen Sie dazu bei, unserer Forderung mehr Gewicht zu verleihen, da wir\u00a0bei gegebenen Anl\u00e4ssen ausgef\u00fcllte Unterschriftenlisten bei offiziellen Stellen (Ministerien, Politiker, EU-Gremien, etc.) zu Erh\u00e4rtung unserer Anliegen einreichen.<\/p>\n<p>Weitere Proteste, Petitionen, Unterschriftenlisten etc. zu Tierversuchen finden Sie unter der Kategorie &#8220;PETITIONEN&#8221;.<\/p>\n<p>&nbsp;<\/p>\n<p>Aufrufe: 1047<\/p>","protected":false},"excerpt":{"rendered":"<p>Wenn Sie unsere Forderung nach der Abschaffung aller Tierversuche unterst\u00fctzen m\u00f6chten, tragen Sie sich bitte in der Unterschriftenliste ein. Wenn Sie weitere Personen zur Unterzeichnung gewinnen k\u00f6nnen, tragen Sie dazu bei, unserer Forderung mehr Gewicht zu verleihen, da wir\u00a0bei gegebenen Anl\u00e4ssen ausgef\u00fcllte <\/p>\n<p><a class=\"read-more\" href=\"https:\/\/www.tierversuchsgegner.at\/wpibt\/ueber-uns\/helfen-sie\/unterschriften-sammeln\/\">weiterlesen<\/a><\/p>\n","protected":false},"author":1,"featured_media":0,"parent":90,"menu_order":0,"comment_status":"closed","ping_status":"closed","template":"","meta":{"_lmt_disableupdate":"","_lmt_disable":"","footnotes":""},"_links":{"self":[{"href":"https:\/\/www.tierversuchsgegner.at\/wpibt\/wp-json\/wp\/v2\/pages\/93"}],"collection":[{"href":"https:\/\/www.tierversuchsgegner.at\/wpibt\/wp-json\/wp\/v2\/pages"}],"about":[{"href":"https:\/\/www.tierversuchsgegner.at\/wpibt\/wp-json\/wp\/v2\/types\/page"}],"author":[{"embeddable":true,"href":"https:\/\/www.tierversuchsgegner.at\/wpibt\/wp-json\/wp\/v2\/users\/1"}],"replies":[{"embeddable":true,"href":"https:\/\/www.tierversuchsgegner.at\/wpibt\/wp-json\/wp\/v2\/comments?post=93"}],"version-history":[{"count":3,"href":"https:\/\/www.tierversuchsgegner.at\/wpibt\/wp-json\/wp\/v2\/pages\/93\/revisions"}],"predecessor-version":[{"id":227,"href":"https:\/\/www.tierversuchsgegner.at\/wpibt\/wp-json\/wp\/v2\/pages\/93\/revisions\/227"}],"up":[{"embeddable":true,"href":"https:\/\/www.tierversuchsgegner.at\/wpibt\/wp-json\/wp\/v2\/pages\/90"}],"wp:attachment":[{"href":"https:\/\/www.tierversuchsgegner.at\/wpibt\/wp-json\/wp\/v2\/media?parent=93"}],"curies":[{"name":"wp","href":"https:\/\/api.w.org\/{rel}","templated":true}]}}