{"id":94,"date":"2020-03-18T13:33:47","date_gmt":"2020-03-18T12:33:47","guid":{"rendered":"http:\/\/www.tierversuchsgegner.at\/wpibt\/?page_id=94"},"modified":"2020-03-18T16:27:57","modified_gmt":"2020-03-18T15:27:57","slug":"infomaterial-anfordern","status":"publish","type":"page","link":"https:\/\/www.tierversuchsgegner.at\/wpibt\/ueber-uns\/helfen-sie\/infomaterial-anfordern\/","title":{"rendered":"Infomaterial anfordern"},"content":{"rendered":"<p>Wenn Sie mehr oder spezielle Informationen zum Thema Tierversuche ben\u00f6tigen als Sie auf unserer Homepage gefunden haben, setzen Sie sich <span id=\"cloak28141\"><a href=\"mailto:tierversuchsgegner@chello.at\">mit uns in Verbindung.<\/a><\/span><\/p>\n<p>In unserem IBT-Vereinslokal verf\u00fcgen wir auch \u00fcber B\u00fccher, Videos, Aufkleber, Plakate, Buttons und Flyer.<\/p>\n<p>&nbsp;<\/p>\n<p>Aufrufe: 1056<\/p>","protected":false},"excerpt":{"rendered":"<p>Wenn Sie mehr oder spezielle Informationen zum Thema Tierversuche ben\u00f6tigen als Sie auf unserer Homepage gefunden haben, setzen Sie sich mit uns in Verbindung. In unserem IBT-Vereinslokal verf\u00fcgen wir auch \u00fcber B\u00fccher, Videos, Aufkleber, Plakate, Buttons und Flyer. &nbsp; Aufrufe: 1056<\/p>\n","protected":false},"author":1,"featured_media":0,"parent":90,"menu_order":0,"comment_status":"closed","ping_status":"closed","template":"","meta":{"_lmt_disableupdate":"","_lmt_disable":"","footnotes":""},"_links":{"self":[{"href":"https:\/\/www.tierversuchsgegner.at\/wpibt\/wp-json\/wp\/v2\/pages\/94"}],"collection":[{"href":"https:\/\/www.tierversuchsgegner.at\/wpibt\/wp-json\/wp\/v2\/pages"}],"about":[{"href":"https:\/\/www.tierversuchsgegner.at\/wpibt\/wp-json\/wp\/v2\/types\/page"}],"author":[{"embeddable":true,"href":"https:\/\/www.tierversuchsgegner.at\/wpibt\/wp-json\/wp\/v2\/users\/1"}],"replies":[{"embeddable":true,"href":"https:\/\/www.tierversuchsgegner.at\/wpibt\/wp-json\/wp\/v2\/comments?post=94"}],"version-history":[{"count":3,"href":"https:\/\/www.tierversuchsgegner.at\/wpibt\/wp-json\/wp\/v2\/pages\/94\/revisions"}],"predecessor-version":[{"id":229,"href":"https:\/\/www.tierversuchsgegner.at\/wpibt\/wp-json\/wp\/v2\/pages\/94\/revisions\/229"}],"up":[{"embeddable":true,"href":"https:\/\/www.tierversuchsgegner.at\/wpibt\/wp-json\/wp\/v2\/pages\/90"}],"wp:attachment":[{"href":"https:\/\/www.tierversuchsgegner.at\/wpibt\/wp-json\/wp\/v2\/media?parent=94"}],"curies":[{"name":"wp","href":"https:\/\/api.w.org\/{rel}","templated":true}]}}