{"id":204,"date":"2023-11-19T16:08:56","date_gmt":"2023-11-19T15:08:56","guid":{"rendered":"https:\/\/www.tierversuchsgegner.at\/wpibtblog\/?page_id=204"},"modified":"2024-08-22T13:12:31","modified_gmt":"2024-08-22T11:12:31","slug":"quarantaenestation-wien","status":"publish","type":"page","link":"https:\/\/www.tierversuchsgegner.at\/wpibtblog\/quarantaenestation-wien\/","title":{"rendered":"Quarant\u00e4nestation Wien"},"content":{"rendered":"<p><br \/>\n<a id=\"TOP\"><\/a><\/p>\n<h3>Bei unserem B\u00fcro in Wien unterhalten wir eine kleine Pflege- und Quarant\u00e4nestation.<\/h3>\n<p>Die Anlage dient zur vor\u00fcbergehenden Unterbringung von Vergabe-Tieren bzw. als Quarant\u00e4nestation f\u00fcr Krankheitsf\u00e4lle. Die Station entspricht den diesbez\u00fcglichen Vorgaben der Beh\u00f6rden und im Bedarfsfall werden die untergebrachten Tiere vor Ort von unserer Tier\u00e4rztin regelm\u00e4ssig versorgt.<\/p>\n<h4>Einige Bilder der Station folgen in K\u00fcrze.<\/h4>\n<p>&nbsp;<\/p>\n<p>&nbsp;<\/p>\n","protected":false},"excerpt":{"rendered":"<p>Bei unserem B\u00fcro in Wien unterhalten wir eine&hellip;<\/p>\n","protected":false},"author":1,"featured_media":0,"parent":0,"menu_order":0,"comment_status":"closed","ping_status":"closed","template":"","meta":{"footnotes":""},"_links":{"self":[{"href":"https:\/\/www.tierversuchsgegner.at\/wpibtblog\/wp-json\/wp\/v2\/pages\/204"}],"collection":[{"href":"https:\/\/www.tierversuchsgegner.at\/wpibtblog\/wp-json\/wp\/v2\/pages"}],"about":[{"href":"https:\/\/www.tierversuchsgegner.at\/wpibtblog\/wp-json\/wp\/v2\/types\/page"}],"author":[{"embeddable":true,"href":"https:\/\/www.tierversuchsgegner.at\/wpibtblog\/wp-json\/wp\/v2\/users\/1"}],"replies":[{"embeddable":true,"href":"https:\/\/www.tierversuchsgegner.at\/wpibtblog\/wp-json\/wp\/v2\/comments?post=204"}],"version-history":[{"count":5,"href":"https:\/\/www.tierversuchsgegner.at\/wpibtblog\/wp-json\/wp\/v2\/pages\/204\/revisions"}],"predecessor-version":[{"id":624,"href":"https:\/\/www.tierversuchsgegner.at\/wpibtblog\/wp-json\/wp\/v2\/pages\/204\/revisions\/624"}],"wp:attachment":[{"href":"https:\/\/www.tierversuchsgegner.at\/wpibtblog\/wp-json\/wp\/v2\/media?parent=204"}],"curies":[{"name":"wp","href":"https:\/\/api.w.org\/{rel}","templated":true}]}}