{"id":3,"date":"2023-11-14T20:04:46","date_gmt":"2023-11-14T19:04:46","guid":{"rendered":"https:\/\/www.tierversuchsgegner.at\/wpibtblog\/?page_id=3"},"modified":"2026-03-30T18:07:21","modified_gmt":"2026-03-30T16:07:21","slug":"datenschutzerklaerung","status":"publish","type":"page","link":"https:\/\/www.tierversuchsgegner.at\/wpibtblog\/datenschutzerklaerung\/","title":{"rendered":"Impressum &#038; Datenschutzerkl\u00e4rung"},"content":{"rendered":"\r\n\r\n<h2 class=\"wp-block-heading\">IMPRESSUM<\/h2>\r\n\r\n\r\n\r\n<h4 class=\"wp-block-heading\">Medieninhaber:<\/h4>\r\n\r\n\r\n\r\n<ul>\r\n<li><strong>Internationaler Bund der Tierversuchsgegner (IBT)<\/strong><br>Verlags- und Herstellungsort: A-1030 Wien<br>Radetzkystr. 21<br>Tel.: 0043\/1\/713 08 23-0<br>Fax: 0043\/1\/713 08 23-10<br>E-Mail: <a href=\"mailto:tierversuchsgegner@chello.at\">tierversuchsgegner@chello.at<\/a><br>Homepage: http:\/\/www.tierversuchsgegner.at<br>ZVR-Zahl: 220181919<br><\/li>\r\n\r\n\r\n\r\n<li><strong>Vorstand:<\/strong><br>Pr\u00e4sidentin: Gerda Matias<br>Schriftf\u00fchrerin: Ingrid Hettinger<br><br><\/li>\r\n\r\n\r\n\r\n<li><strong>Bankverbindungen in \u00d6sterreich:<\/strong><br><\/li>\r\n\r\n\r\n\r\n<br>BAWAG:<br><br>IBAN: AT21 6000 0000 0775 1819<br>Internationaler Bund der Tierversuchsgegner<br><br>IBAN: AT88 6000 0000 0762 2670<br>Int. Bund der Tierversuchsgegner\r\n<\/ul>\r\n\r\n\r\n\r\n<p><br><strong>Grundlegende Richtung:<\/strong><\/p>\r\n\r\n\r\n\r\n<p><br><br>Informationen zur Tierversuchsproblematik und zu diversen Tierschutzfragen.<\/p>\r\n\r\n\r\n\r\n<p><br><br>Wir sind eine seit 1968 bestehende Tierrechtsorganisation mit Mitgliedern, Freunden und Kontaktstellen in aller Welt. Der Verein tritt f\u00fcr die Abschaffung aller Tierversuche ein.<\/p>\r\n\r\n\r\n\r\n<p><br><br><strong>Vereinsmitgliedschaft:<\/strong><\/p>\r\n\r\n\r\n\r\n<p><br><br>Die Vereinsmitgliedschaft f\u00fcr das aktuelle Jahr kann durch die Entrichtung des j\u00e4hrlichen Mitgliedsbeitrages in H\u00f6he von EURO 72,00 auf eines der Vereinskonten angestrebt werden. Ab Eingang und Verbuchung des Gesamtbetrages im laufenden Kalenderjahr gilt Ihre Mitgliedschaft als best\u00e4tigt.<\/p>\r\n\r\n\r\n\r\n<p><br><br><strong>Irrt\u00fcmer und \u00c4nderungen vorbehalten.<\/strong><\/p>\r\n\r\n\r\n\r\n<h2 class=\"wp-block-heading\">DATENSCHUTZERKL\u00c4RUNG<\/h2>\r\n\r\n\r\n\r\n<h2 class=\"wp-block-heading\">Kommentare<\/h2>\r\n\r\n\r\n\r\n<p>Wenn Besucher Kommentare auf dieser Website hinterlassen, sammeln wir die Daten, die im Kommentar-Formular angezeigt werden, au\u00dferdem die IP-Adresse des Besuchers und den User-Agent-String (damit wird der Browser identifiziert), um die Erkennung von Spam zu unterst\u00fctzen.<\/p>\r\n\r\n\r\n\r\n<p>Medieninhaber:<\/p>\r\n\r\n\r\n\r\n<p>Aus Ihrer E-Mail-Adresse kann eine anonymisierte Zeichenfolge erstellt (auch Hash genannt) und dem Gravatar-Dienst \u00fcbergeben werden, um zu pr\u00fcfen, ob Sie diesen benutzen. Die Datenschutzerkl\u00e4rung des Gravatar-Dienstes finden Sie hier: https:\/\/automattic.com\/privacy\/. Nachdem Ihr Kommentar freigegeben wurde, ist Ihr Profilbild \u00f6ffentlich im Kontext Ihres Kommentars sichtbar.<\/p>\r\n\r\n\r\n\r\n<h2 class=\"wp-block-heading\">Medien<\/h2>\r\n\r\n\r\n\r\n<p>Wenn Sie als registrierter Benutzer gespeichert sind und Fotos auf diese Website hochladen, sollten Sie vermeiden, Fotos mit einem EXIF-GPS-Standort hochzuladen. Besucher dieser Website k\u00f6nnten Fotos, die auf dieser Website gespeichert sind, herunterladen und deren Standort-Informationen extrahieren.<\/p>\r\n\r\n\r\n\r\n<h2 class=\"wp-block-heading\">Cookies<\/h2>\r\n\r\n\r\n\r\n<p>Wenn Sie einen Kommentar auf unserer Website hinterlassen, kann das eine Einwilligung sein, Ihren  Namen, E-Mail-Adresse und Website in Cookies zu speichern. Dies ist eine Komfortfunktion, damit Sie nicht, wenn Sie einen weiteren Kommentar schreiben, all diese Daten erneut eingeben m\u00fcssen. Diese Cookies werden ein Jahr lang gespeichert.<\/p>\r\n\r\n\r\n\r\n<p>Falls Sie ein Konto haben und Sich auf dieser Website anmelden, werden wir ein tempor\u00e4res Cookie setzen, um festzustellen, ob Ihre Browser Cookies akzeptiert. Dieses Cookie enth\u00e4lt keine personenbezogenen Daten und wird verworfen, wenn Sie Ihren Browser schlie\u00dfen.<\/p>\r\n\r\n\r\n\r\n<p>Wenn Sie sich anmeldeen, werden wir einige Cookies einrichten, um Ihre Anmeldeinformationen und Anzeigeoptionen zu speichern. Anmelde-Cookies verfallen nach zwei Tagen und Cookies f\u00fcr die Anzeigeoptionen nach einem Jahr. Falls Sie bei der Anmeldung \u201eAngemeldet bleiben\u201c ausw\u00e4hlen, wird Ihre Anmeldung zwei Wochen lang aufrechterhalten. Mit der Abmeldung aus Ihrem Konto werden die Anmelde-Cookies gel\u00f6scht.<\/p>\r\n\r\n\r\n\r\n<p>Wenn Sie einen Artikel bearbeiten oder ver\u00f6ffentlichen, wird ein zus\u00e4tzlicher Cookie in Ihrem Browser gespeichert. Dieser Cookie enth\u00e4lt keine personenbezogenen Daten und verweist nur auf die Beitrags-ID des Artikels, den Sie soeben bearbeitet haben. Der Cookie verf\u00e4llt nach einem Tag.<\/p>\r\n\r\n\r\n\r\n<h2 class=\"wp-block-heading\">Eingebettete Inhalte von anderen Websites<\/h2>\r\n\r\n\r\n\r\n<p>Beitr\u00e4ge auf dieser Website k\u00f6nnen eingebettete Inhalte beinhalten (z.\u00a0B. Videos, Bilder, Beitr\u00e4ge etc.). Eingebettete Inhalte von anderen Websites verhalten sich exakt so, als ob der Besucher die andere Website besucht h\u00e4tte. F\u00fcr diese Inhalte sind wir nicht verantwortlich &#8211; wir pr\u00fcfen aber derartige Inhalte bevor wir diese ver\u00f6ffentlichen.<\/p>\r\n\r\n\r\n\r\n<p>Diese Websites k\u00f6nnen Daten \u00fcber Sie sammeln, Cookies benutzen, zus\u00e4tzliche Tracking-Dienste von Dritten einbetten und Ihre Interaktion mit diesem eingebetteten Inhalt aufzeichnen, inklusive Ihrer Interaktion mit dem eingebetteten Inhalt, falls Sie ein Konto haben und auf dieser Website angemeldet sind.<\/p>\r\n\r\n\r\n\r\n<h2 class=\"wp-block-heading\">Mit wem wir Ihre Daten teilen<\/h2>\r\n\r\n\r\n\r\n<p>Wir teilen keinerlei Daten mit Dritten. Wenn Sie eine Zur\u00fccksetzung des Passworts beantragen, wird Ihre IP-Adresse in der E-Mail zur Zur\u00fccksetzung enthalten sein.<\/p>\r\n\r\n\r\n\r\n<h2 class=\"wp-block-heading\">Wie lange wir Ihre Daten speichern<\/h2>\r\n\r\n\r\n\r\n<p>Wenn Sie einen Kommentar schreiben, wird dieser inklusive Metadaten zeitlich unbegrenzt gespeichert. Auf diese Art k\u00f6nnen wir Folgekommentare automatisch erkennen und freigeben, anstatt sie in einer Moderations-Warteschlange festzuhalten.<\/p>\r\n\r\n\r\n\r\n<p>F\u00fcr Benutzer, die sich auf unserer Website registrieren, speichern wir zus\u00e4tzlich die pers\u00f6nlichen Informationen, die Sie in ihren Benutzerprofilen angeben. Alle Benutzer k\u00f6nnen jederzeit ihre pers\u00f6nlichen Informationen einsehen, ver\u00e4ndern oder l\u00f6schen (der Benutzername kann nicht ver\u00e4ndert werden). Administratoren der Website k\u00f6nnen diese Informationen ebenfalls einsehen und ver\u00e4ndern.<\/p>\r\n\r\n\r\n\r\n<h2 class=\"wp-block-heading\">Welche Rechte Sie an ihren Daten haben<\/h2>\r\n\r\n\r\n\r\n<p>Wenn Sie ein Konto auf dieser Website besitzen oder Kommentare geschrieben haben, k\u00f6nnen Sie einen Export Ihrer personenbezogenen Daten bei uns anfordern, inklusive aller Daten, die Sie uns mitgeteilt haben. Dar\u00fcber hinaus k\u00f6nnen Sie die L\u00f6schung aller personenbezogenen Daten, die wir von Ihnen gespeichert haben, anfordern. Dies umfasst nicht die Daten, die wir aufgrund administrativer, rechtlicher oder sicherheitsrelevanter Notwendigkeiten aufbewahren m\u00fcssen.<\/p>\r\n\r\n\r\n\r\n<h2 class=\"wp-block-heading\">Wohin wir Ihre Daten senden<\/h2>\r\n\r\n\r\n\r\n<p>Besucher-Kommentare k\u00f6nnten von einem automatisierten Dienst zur Spam-Erkennung untersucht werden. Ansonsten geben wir keine Daten an Dritte weiter.<\/p>\r\n","protected":false},"excerpt":{"rendered":"<p>IMPRESSUM Medieninhaber: Grundlegende Richtung: Informationen zur Tierversuchsproblematik und&hellip;<\/p>\n","protected":false},"author":1,"featured_media":0,"parent":0,"menu_order":0,"comment_status":"closed","ping_status":"open","template":"templeat-full-width-no-sidebar.php","meta":{"footnotes":""},"_links":{"self":[{"href":"https:\/\/www.tierversuchsgegner.at\/wpibtblog\/wp-json\/wp\/v2\/pages\/3"}],"collection":[{"href":"https:\/\/www.tierversuchsgegner.at\/wpibtblog\/wp-json\/wp\/v2\/pages"}],"about":[{"href":"https:\/\/www.tierversuchsgegner.at\/wpibtblog\/wp-json\/wp\/v2\/types\/page"}],"author":[{"embeddable":true,"href":"https:\/\/www.tierversuchsgegner.at\/wpibtblog\/wp-json\/wp\/v2\/users\/1"}],"replies":[{"embeddable":true,"href":"https:\/\/www.tierversuchsgegner.at\/wpibtblog\/wp-json\/wp\/v2\/comments?post=3"}],"version-history":[{"count":21,"href":"https:\/\/www.tierversuchsgegner.at\/wpibtblog\/wp-json\/wp\/v2\/pages\/3\/revisions"}],"predecessor-version":[{"id":771,"href":"https:\/\/www.tierversuchsgegner.at\/wpibtblog\/wp-json\/wp\/v2\/pages\/3\/revisions\/771"}],"wp:attachment":[{"href":"https:\/\/www.tierversuchsgegner.at\/wpibtblog\/wp-json\/wp\/v2\/media?parent=3"}],"curies":[{"name":"wp","href":"https:\/\/api.w.org\/{rel}","templated":true}]}}