{"id":317,"date":"2023-11-19T19:17:28","date_gmt":"2023-11-19T18:17:28","guid":{"rendered":"https:\/\/www.tierversuchsgegner.at\/wpibtblog\/?page_id=317"},"modified":"2026-01-23T17:46:25","modified_gmt":"2026-01-23T16:46:25","slug":"kont-spenden-reg","status":"publish","type":"page","link":"https:\/\/www.tierversuchsgegner.at\/wpibtblog\/kont-spenden-reg\/","title":{"rendered":"KONTAKT \/ SPENDEN \/ REGISTRIEREN"},"content":{"rendered":"\n<h3>Bitte zu Ihrer Beachtung \u2013 unser Bankkonto bei der UniCredit Bank Austria steht nicht mehr zur Verf\u00fcgung!<\/h3>\n<p>Wenn Sie uns dankenswerter Weise mit einem Dauerauftrag oder Spenden auf das nunmehr obsolete Konto<br \/>\n&nbsp;<br \/>\nInt. Bund der Tierversuchsgegner<br \/>\nBank Austria &#8211; BIC: BKAUATWW<br \/>\nIBAN: AT94 1200 0006 2011 8802<br \/>\n&nbsp;<br \/>\nunterst\u00fctzen, so ersuchen wir Sie h\u00f6flichst, Ihre Spenden oder Ihren Dauerauftrag auf das folgende Konto umzuleiten:<br \/>\n&nbsp;<br \/>\nKONTOBEZEICHNUNG: Internationaler Bund der Tierversuchsgegner<br \/>\nBAWAG &#8211; BIC: BAWAATWW<br \/>\nIBAN: AT21 6000 0000 0775 1819<br \/>\n&nbsp;<br \/>\nVielen Dank f\u00fcr Ihr Verst\u00e4ndnis &#8211; wir hoffen auch weiterhin auf Ihre Hilfe f\u00fcr unsere Arbeit f\u00fcr die Tiere!<\/p>\n<h3 style=\"padding-left: 40px;\"><a href=\"https:\/\/www.tierversuchsgegner.at\/wpibtblog\/ibt-kontaktformular\/\" rel=\"noreferrer noopener\">-&gt; KONTAKTFORMULAR<\/a><\/h3>\n<h3 style=\"padding-left: 40px;\"><a href=\"https:\/\/www.tierversuchsgegner.at\/wpibt\/ueber-uns\/helfen-sie\/online-spenden\/\" rel=\"noreferrer noopener\">-&gt; ONLINE SPENDEN (Kreditkarte)<\/a><\/h3>\n<p><i>Der hier angegebene Link f\u00fchrt zur IBT STANDARD-WEBSEITE &#8211; von dort gelangen Sie \u00fcber den Men\u00fceintrag &#8222;IBT-BLOGSEITE&#8220; wieder zu dieser Seite zur\u00fcck!<\/i><\/p>\n<h3 style=\"padding-left: 40px;\"><a href=\"https:\/\/www.tierversuchsgegner.at\/wpibtblog\/dauerauftrag-einrichten\/\" rel=\"noreferrer noopener\">-&gt; SPENDEN-DAUERAUFTRAG (pdf)<\/a><\/h3>\n<h3 style=\"padding-left: 40px;\"><a href=\"https:\/\/www.tierversuchsgegner.at\/wpibtblog\/ibt-registrierung\/\" rel=\"noreferrer noopener\">-&gt; IBT-REGISTRIERUNG<\/a><\/h3>\n<p>&nbsp;<\/p>\n","protected":false},"excerpt":{"rendered":"<p>Bitte zu Ihrer Beachtung \u2013 unser Bankkonto bei&hellip;<\/p>\n","protected":false},"author":1,"featured_media":0,"parent":0,"menu_order":0,"comment_status":"closed","ping_status":"closed","template":"","meta":{"footnotes":""},"_links":{"self":[{"href":"https:\/\/www.tierversuchsgegner.at\/wpibtblog\/wp-json\/wp\/v2\/pages\/317"}],"collection":[{"href":"https:\/\/www.tierversuchsgegner.at\/wpibtblog\/wp-json\/wp\/v2\/pages"}],"about":[{"href":"https:\/\/www.tierversuchsgegner.at\/wpibtblog\/wp-json\/wp\/v2\/types\/page"}],"author":[{"embeddable":true,"href":"https:\/\/www.tierversuchsgegner.at\/wpibtblog\/wp-json\/wp\/v2\/users\/1"}],"replies":[{"embeddable":true,"href":"https:\/\/www.tierversuchsgegner.at\/wpibtblog\/wp-json\/wp\/v2\/comments?post=317"}],"version-history":[{"count":11,"href":"https:\/\/www.tierversuchsgegner.at\/wpibtblog\/wp-json\/wp\/v2\/pages\/317\/revisions"}],"predecessor-version":[{"id":749,"href":"https:\/\/www.tierversuchsgegner.at\/wpibtblog\/wp-json\/wp\/v2\/pages\/317\/revisions\/749"}],"wp:attachment":[{"href":"https:\/\/www.tierversuchsgegner.at\/wpibtblog\/wp-json\/wp\/v2\/media?parent=317"}],"curies":[{"name":"wp","href":"https:\/\/api.w.org\/{rel}","templated":true}]}}