{"id":469,"date":"2024-08-04T15:33:12","date_gmt":"2024-08-04T13:33:12","guid":{"rendered":"https:\/\/www.tierversuchsgegner.at\/wpibtblog\/?page_id=469"},"modified":"2024-08-22T13:08:04","modified_gmt":"2024-08-22T11:08:04","slug":"dauerauftrag-einrichten","status":"publish","type":"page","link":"https:\/\/www.tierversuchsgegner.at\/wpibtblog\/dauerauftrag-einrichten\/","title":{"rendered":"Dauerauftrag einrichten"},"content":{"rendered":"\n<div>\n<p>Bitte laden Sie <a href=\"https:\/\/www.tierversuchsgegner.at\/wpibt\/images\/stories\/tierversuche\/tv_pdfs\/dauerauftrag.pdf\" target=\"_blank\" rel=\"noopener noreferrer\"><\/p>\n<h2>hier  (Dauerauftrag.pdf)<\/h2>\n<p><\/a> das Formular f\u00fcr einen Spenden-Dauerauftrag als PDF herunter.<br \/>\n&nbsp;<br \/>\nSie k\u00f6nnen das ausgef\u00fcllte Formular direkt an uns schicken &#8211;<br \/>\n&nbsp;<br \/>\nInternationaler Bund der Tierversuchsgegner<br \/>\nEIN RECHT F\u00dcR TIERE<br \/>\nRadetzkystrasse 21, A-1030 Wien<br \/>\n&nbsp;<br \/>\noder Sie kontaktieren Ihre kontof\u00fchrende Bank.<br \/>\n&nbsp;<br \/>\n<strong>Mit Ihrer regelm\u00e4\u00dfigen Spende unterst\u00fctzen Sie uns bei der Planung l\u00e4ngerfristiger Projekte.<\/strong><br \/>\n&nbsp;<br \/>\n<strong>Danke!<\/strong><\/p>\n<p>&nbsp;<\/p>\n<hr \/>\n<p>&nbsp;<\/p>\n<\/div>\n","protected":false},"excerpt":{"rendered":"<p>Bitte laden Sie hier (Dauerauftrag.pdf) das Formular f\u00fcr&hellip;<\/p>\n","protected":false},"author":1,"featured_media":0,"parent":0,"menu_order":0,"comment_status":"closed","ping_status":"closed","template":"","meta":{"footnotes":""},"_links":{"self":[{"href":"https:\/\/www.tierversuchsgegner.at\/wpibtblog\/wp-json\/wp\/v2\/pages\/469"}],"collection":[{"href":"https:\/\/www.tierversuchsgegner.at\/wpibtblog\/wp-json\/wp\/v2\/pages"}],"about":[{"href":"https:\/\/www.tierversuchsgegner.at\/wpibtblog\/wp-json\/wp\/v2\/types\/page"}],"author":[{"embeddable":true,"href":"https:\/\/www.tierversuchsgegner.at\/wpibtblog\/wp-json\/wp\/v2\/users\/1"}],"replies":[{"embeddable":true,"href":"https:\/\/www.tierversuchsgegner.at\/wpibtblog\/wp-json\/wp\/v2\/comments?post=469"}],"version-history":[{"count":3,"href":"https:\/\/www.tierversuchsgegner.at\/wpibtblog\/wp-json\/wp\/v2\/pages\/469\/revisions"}],"predecessor-version":[{"id":612,"href":"https:\/\/www.tierversuchsgegner.at\/wpibtblog\/wp-json\/wp\/v2\/pages\/469\/revisions\/612"}],"wp:attachment":[{"href":"https:\/\/www.tierversuchsgegner.at\/wpibtblog\/wp-json\/wp\/v2\/media?parent=469"}],"curies":[{"name":"wp","href":"https:\/\/api.w.org\/{rel}","templated":true}]}}